{"id":324,"date":"2020-12-11T11:00:26","date_gmt":"2020-12-11T10:00:26","guid":{"rendered":"https:\/\/online.enigmarium.si\/?page_id=324"},"modified":"2020-12-15T20:14:04","modified_gmt":"2020-12-15T19:14:04","slug":"otok-igra-bijega-u-tvojoj-sobi","status":"publish","type":"page","link":"https:\/\/online.enigmarium.si\/hr\/otok-igra-bijega-u-tvojoj-sobi\/","title":{"rendered":"OTOK \u2013 igra bijega u tvojoj sobi"},"content":{"rendered":"<div class=\"fusion-fullwidth fullwidth-box fusion-builder-row-1 fusion-flex-container nonhundred-percent-fullwidth non-hundred-percent-height-scrolling\" style=\"--awb-border-radius-top-left:0px;--awb-border-radius-top-right:0px;--awb-border-radius-bottom-right:0px;--awb-border-radius-bottom-left:0px;--awb-flex-wrap:wrap;\" ><div class=\"fusion-builder-row fusion-row fusion-flex-align-items-flex-start fusion-flex-content-wrap\" style=\"max-width:1102.4px;margin-left: calc(-4% \/ 2 );margin-right: calc(-4% \/ 2 );\"><div class=\"fusion-layout-column fusion_builder_column fusion-builder-column-0 fusion_builder_column_1_1 1_1 fusion-flex-column\" style=\"--awb-bg-size:cover;--awb-width-large:100%;--awb-margin-top-large:0px;--awb-spacing-right-large:1.92%;--awb-margin-bottom-large:20px;--awb-spacing-left-large:1.92%;--awb-width-medium:100%;--awb-order-medium:0;--awb-spacing-right-medium:1.92%;--awb-spacing-left-medium:1.92%;--awb-width-small:100%;--awb-order-small:0;--awb-spacing-right-small:1.92%;--awb-spacing-left-small:1.92%;\"><div class=\"fusion-column-wrapper fusion-column-has-shadow fusion-flex-justify-content-flex-start fusion-content-layout-column\"><div class=\"fusion-text fusion-text-1\"><h1>OTOK \u2013 igra bijega u tvojoj sobi \u2013 \u00bbescape room in a book\u00ab<\/h1>\n<\/div><div class=\"fusion-text fusion-text-2\"><h4 class=\"v1MsoNormal\"><span lang=\"EN-US\">Kultna \u00bbonline escape room igra\u00ab: OTOK; igra bijega u tvojoj sobi, koju smo kreirali u prvom tjednu proljetne izolacije kako bismo vam skratili vrijeme koje ste provodili zatvoreni u svojim sobama \u2013 sada i u obliku knjige!<\/span><\/h4>\n<h4 class=\"v1MsoNormal\"><span lang=\"EN-US\">Knjiga sadr\u017ei napetu pri\u010du o pomorcu \u0160imi i izgubljenom blagu pradjeda Jo\u017ee u kojoj se ni\u017eu zagonetke u sedam poglavlja (uz pomo\u0107 i rje\u0161enja) koja garantiraju ekipi od najvi\u0161e 6 igra\u010da \u010dak do 7 sati zabave \u2013 mo\u017eete je igrati sami, s prijateljima preko zooma ili u dnevnom boravku s obitelji. Igrajte svaki dan jedno poglavlje ili sve do zadnjeg slova pro\u010ditajte odjednom!. <\/span><\/h4>\n<h4 class=\"v1MsoNormal\"><span lang=\"EN-US\">Jesmo li ve\u0107 spomenuli kako je knjiga odli\u010dan bo\u017ei\u0107ni poklon? Broj primjeraka je ograni\u010den, naru\u010dite svoju ve\u0107 danas!<\/span><\/h4>\n<h4 class=\"v1MsoNormal\">\n<p>Trajanje: do 7 sati napete igre (preporu\u010dujemo do 6 igra\u010da)<br \/><span style=\"color: var(--h4_typography-color); font-family: var(--h4_typography-font-family); font-size: var(--h4_typography-font-size); font-style: var(--h4_typography-font-style,normal); font-weight: var(--h4_typography-font-weight); letter-spacing: var(--h4_typography-letter-spacing);\">Na\u010din: knjiga, 7 poglavlja, 64 stranice<br \/><\/span><span style=\"color: var(--h4_typography-color); font-family: var(--h4_typography-font-family); font-size: var(--h4_typography-font-size); font-style: var(--h4_typography-font-style,normal); font-weight: var(--h4_typography-font-weight); letter-spacing: var(--h4_typography-letter-spacing);\">Jezik: Hrvatski<br \/><\/span><span style=\"color: var(--h4_typography-color); font-family: var(--h4_typography-font-family); font-size: var(--h4_typography-font-size); font-style: var(--h4_typography-font-style,normal); font-weight: var(--h4_typography-font-weight); letter-spacing: var(--h4_typography-letter-spacing);\">Cijena 150,00 kn + tro\u0161ak slanja ili preuzimanje u poslovnici<\/span><\/p>\n<p>*Fotografija je ilustrativne prirode<\/p>\n<\/h4>\n<\/div><div class=\"fusion-content-boxes content-boxes columns row fusion-columns-3 fusion-columns-total-3 fusion-content-boxes-1 content-boxes-icon-on-top content-left\" style=\"--awb-backgroundcolor:#242424;--awb-body-color:#ffffff;--awb-title-color:#f24a24;--awb-hover-accent-color:#f24a24;--awb-circle-hover-accent-color:#f24a24;\" data-animationOffset=\"top-into-view\"><div style=\"--awb-backgroundcolor:#000000;\" class=\"fusion-column content-box-column content-box-column content-box-column-1 col-lg-4 col-md-4 col-sm-4 fusion-content-box-hover content-box-column-first-in-row\"><div class=\"col content-box-wrapper content-wrapper-background link-area-link-icon content-icon-wrapper-yes icon-hover-animation-fade\" data-animationOffset=\"top-into-view\"><div class=\"heading heading-with-icon icon-left\"><div class=\"icon\"><span style=\"height:42px;width:42px;line-height:22px;border-color:rgba(255,255,255,0);border-width:1px;border-style:solid;background-color:#212934;box-sizing:content-box;border-radius:50%;\"><i style=\"border-color:#212934;border-width:1px;background-color:#212934;box-sizing:content-box;height:40px;width:40px;line-height:40px;border-radius:50%;position:relative;top:auto;left:auto;margin:0;border-radius:50%;font-size:20px;\" aria-hidden=\"true\" class=\"fontawesome-icon fa-edit fas circle-yes\"><\/i><\/span><\/div><h2 class=\"content-box-heading\" style=\"--h2_typography-font-size:24px;line-height:29px;\">Po\u0161alji nam podatke<\/h2><\/div><div class=\"fusion-clearfix\"><\/div><div class=\"content-container\">\n<p>Unesi podatke (ime, prezime i e-mail adresu) i broj primjeraka koje \u017eeli\u0161 kupiti<\/p>\n<\/div><\/div><\/div><div style=\"--awb-backgroundcolor:#000000;\" class=\"fusion-column content-box-column content-box-column content-box-column-2 col-lg-4 col-md-4 col-sm-4 fusion-content-box-hover \"><div class=\"col content-box-wrapper content-wrapper-background link-area-link-icon content-icon-wrapper-yes icon-hover-animation-fade\" data-animationOffset=\"top-into-view\"><div class=\"heading heading-with-icon icon-left\"><div class=\"icon\"><span style=\"height:42px;width:42px;line-height:22px;border-color:rgba(255,255,255,0);border-width:1px;border-style:solid;background-color:#212934;box-sizing:content-box;border-radius:50%;\"><i style=\"border-color:#212934;border-width:1px;background-color:#212934;box-sizing:content-box;height:40px;width:40px;line-height:40px;border-radius:50%;position:relative;top:auto;left:auto;margin:0;border-radius:50%;font-size:20px;\" aria-hidden=\"true\" class=\"fontawesome-icon fa-money-bill-alt fas circle-yes\"><\/i><\/span><\/div><h2 class=\"content-box-heading\" style=\"--h2_typography-font-size:24px;line-height:29px;\">Plati<\/h2><\/div><div class=\"fusion-clearfix\"><\/div><div class=\"content-container\">\n<p>Kada primimo tvoju narud\u017ebu poslati \u0107emo ti upute za pla\u0107anje<\/p>\n<\/div><\/div><\/div><div style=\"--awb-backgroundcolor:#000000;\" class=\"fusion-column content-box-column content-box-column content-box-column-3 col-lg-4 col-md-4 col-sm-4 fusion-content-box-hover content-box-column-last content-box-column-last-in-row\"><div class=\"col content-box-wrapper content-wrapper-background link-area-link-icon content-icon-wrapper-yes icon-hover-animation-fade\" data-animationOffset=\"top-into-view\"><div class=\"heading heading-with-icon icon-left\"><div class=\"icon\"><span style=\"height:42px;width:42px;line-height:22px;border-color:rgba(255,255,255,0);border-width:1px;border-style:solid;background-color:#212934;box-sizing:content-box;border-radius:50%;\"><i style=\"border-color:#212934;border-width:1px;background-color:#212934;box-sizing:content-box;height:40px;width:40px;line-height:40px;border-radius:50%;position:relative;top:auto;left:auto;margin:0;border-radius:50%;font-size:20px;\" aria-hidden=\"true\" class=\"fontawesome-icon fa-gift fas circle-yes\"><\/i><\/span><\/div><h2 class=\"content-box-heading\" style=\"--h2_typography-font-size:24px;line-height:29px;\">Pokloni igru<\/h2><\/div><div class=\"fusion-clearfix\"><\/div><div class=\"content-container\">\n<p>Po\u0161alji nam potvrdu o pla\u0107anju, a mi ti po\u0161tom \u0161aljemo knjigu<\/p>\n<\/div><\/div><\/div><div class=\"fusion-clearfix\"><\/div><\/div><\/div><\/div><div class=\"fusion-layout-column fusion_builder_column fusion-builder-column-1 fusion_builder_column_1_2 1_2 fusion-flex-column\" style=\"--awb-bg-size:cover;--awb-width-large:50%;--awb-margin-top-large:0px;--awb-spacing-right-large:3.84%;--awb-margin-bottom-large:20px;--awb-spacing-left-large:3.84%;--awb-width-medium:50%;--awb-order-medium:0;--awb-spacing-right-medium:3.84%;--awb-spacing-left-medium:3.84%;--awb-width-small:100%;--awb-order-small:0;--awb-spacing-right-small:1.92%;--awb-spacing-left-small:1.92%;\"><div class=\"fusion-column-wrapper fusion-column-has-shadow fusion-flex-justify-content-flex-start fusion-content-layout-column\">\n<div class=\"wpcf7 no-js\" id=\"wpcf7-f323-o1\" lang=\"sl-SI\" dir=\"ltr\" data-wpcf7-id=\"323\">\n<div class=\"screen-reader-response\"><p role=\"status\" aria-live=\"polite\" aria-atomic=\"true\"><\/p> <ul><\/ul><\/div>\n<form action=\"\/hr\/wp-json\/wp\/v2\/pages\/324#wpcf7-f323-o1\" method=\"post\" class=\"wpcf7-form init\" aria-label=\"Kontaktni obrazec\" novalidate=\"novalidate\" data-status=\"init\">\n<fieldset class=\"hidden-fields-container\"><input type=\"hidden\" name=\"_wpcf7\" value=\"323\" \/><input type=\"hidden\" name=\"_wpcf7_version\" value=\"6.1.5\" \/><input type=\"hidden\" name=\"_wpcf7_locale\" value=\"sl_SI\" \/><input type=\"hidden\" name=\"_wpcf7_unit_tag\" value=\"wpcf7-f323-o1\" \/><input type=\"hidden\" name=\"_wpcf7_container_post\" value=\"0\" \/><input type=\"hidden\" name=\"_wpcf7_posted_data_hash\" value=\"\" \/>\n<\/fieldset>\n<p>Va\u0161e ime i prezime*\n<\/p>\n<p><span class=\"wpcf7-form-control-wrap\" data-name=\"your-name\"><input size=\"40\" maxlength=\"400\" class=\"wpcf7-form-control wpcf7-text wpcf7-validates-as-required\" aria-required=\"true\" aria-invalid=\"false\" value=\"\" type=\"text\" name=\"your-name\" \/><\/span>\n<\/p>\n<p>Va\u0161 e-mail*\n<\/p>\n<p><span class=\"wpcf7-form-control-wrap\" data-name=\"your-email\"><input size=\"40\" maxlength=\"400\" class=\"wpcf7-form-control wpcf7-email wpcf7-validates-as-required wpcf7-text wpcf7-validates-as-email\" aria-required=\"true\" aria-invalid=\"false\" value=\"\" type=\"email\" name=\"your-email\" \/><\/span>\n<\/p>\n<p>Va\u0161a adresa*\n<\/p>\n<p><span class=\"wpcf7-form-control-wrap\" data-name=\"your-address\"><input size=\"40\" maxlength=\"400\" class=\"wpcf7-form-control wpcf7-text wpcf7-validates-as-required\" aria-required=\"true\" aria-invalid=\"false\" value=\"\" type=\"text\" name=\"your-address\" \/><\/span>\n<\/p>\n<p>Po\u0161tanski broj i grad*\n<\/p>\n<p><span class=\"wpcf7-form-control-wrap\" data-name=\"your-city\"><input size=\"40\" maxlength=\"400\" class=\"wpcf7-form-control wpcf7-text wpcf7-validates-as-required\" aria-required=\"true\" aria-invalid=\"false\" value=\"\" type=\"text\" name=\"your-city\" \/><\/span>\n<\/p>\n<p>Koli\u010dina*\n<\/p>\n<p><span class=\"wpcf7-form-control-wrap\" data-name=\"your-quantity\"><input class=\"wpcf7-form-control wpcf7-number wpcf7-validates-as-required wpcf7-validates-as-number\" aria-required=\"true\" aria-invalid=\"false\" value=\"1\" type=\"number\" name=\"your-quantity\" \/><\/span>\n<\/p>\n<p>* Obavezno polje\n<\/p>\n<p><input class=\"wpcf7-form-control wpcf7-submit has-spinner\" type=\"submit\" value=\"Naru\u010dite knjigu\" \/>\n<\/p><div class=\"fusion-alert alert custom alert-custom fusion-alert-center wpcf7-response-output awb-alert-native-link-color alert-dismissable awb-alert-close-boxed\" style=\"--awb-border-size:1px;--awb-border-top-left-radius:0px;--awb-border-top-right-radius:0px;--awb-border-bottom-left-radius:0px;--awb-border-bottom-right-radius:0px;\" role=\"alert\"><div class=\"fusion-alert-content-wrapper\"><span class=\"fusion-alert-content\"><\/span><\/div><button type=\"button\" class=\"close toggle-alert\" data-dismiss=\"alert\" aria-label=\"Close\">&times;<\/button><\/div>\n<\/form>\n<\/div>\n<\/div><\/div><div class=\"fusion-layout-column fusion_builder_column fusion-builder-column-2 fusion_builder_column_1_2 1_2 fusion-flex-column\" style=\"--awb-bg-size:cover;--awb-width-large:50%;--awb-margin-top-large:0px;--awb-spacing-right-large:3.84%;--awb-margin-bottom-large:20px;--awb-spacing-left-large:3.84%;--awb-width-medium:50%;--awb-order-medium:0;--awb-spacing-right-medium:3.84%;--awb-spacing-left-medium:3.84%;--awb-width-small:100%;--awb-order-small:0;--awb-spacing-right-small:1.92%;--awb-spacing-left-small:1.92%;\"><div class=\"fusion-column-wrapper fusion-column-has-shadow fusion-flex-justify-content-flex-start fusion-content-layout-column\"><div class=\"fusion-slider-sc\"><div class=\"fusion-flexslider-loading flexslider flexslider-hover-type-none\" data-slideshow_autoplay=\"1\" data-slideshow_smooth_height=\"0\" data-slideshow_speed=\"7000\" style=\"max-width:100%;height:100%;\"><ul class=\"slides\"><li class=\"image\"><span class=\"fusion-image-hover-element hover-type-none\"><img decoding=\"async\" src=\"https:\/\/online.enigmarium.si\/wp-content\/uploads\/2020\/11\/ESCAPE-ROOM-BOOK-ENIGMARIUM-OTOK.jpg\" width=\"600\" height=\"420\" class=\"wp-image-76\" srcset=\"https:\/\/online.enigmarium.si\/wp-content\/uploads\/2020\/11\/ESCAPE-ROOM-BOOK-ENIGMARIUM-OTOK-200x140.jpg 200w, https:\/\/online.enigmarium.si\/wp-content\/uploads\/2020\/11\/ESCAPE-ROOM-BOOK-ENIGMARIUM-OTOK-400x280.jpg 400w, https:\/\/online.enigmarium.si\/wp-content\/uploads\/2020\/11\/ESCAPE-ROOM-BOOK-ENIGMARIUM-OTOK.jpg 600w\" sizes=\"(max-width: 640px) 100vw, 600px\" \/><\/span><\/li><li class=\"image\"><span class=\"fusion-image-hover-element hover-type-none\"><img decoding=\"async\" src=\"https:\/\/online.enigmarium.si\/wp-content\/uploads\/2020\/11\/2otok-enigmarium.jpg\" width=\"600\" height=\"420\" class=\"wp-image-70\" srcset=\"https:\/\/online.enigmarium.si\/wp-content\/uploads\/2020\/11\/2otok-enigmarium-200x140.jpg 200w, https:\/\/online.enigmarium.si\/wp-content\/uploads\/2020\/11\/2otok-enigmarium-400x280.jpg 400w, https:\/\/online.enigmarium.si\/wp-content\/uploads\/2020\/11\/2otok-enigmarium.jpg 600w\" sizes=\"(max-width: 640px) 100vw, 600px\" \/><\/span><\/li><\/ul><\/div><\/div><\/div><\/div><\/div><\/div>\n","protected":false},"excerpt":{"rendered":"","protected":false},"author":1,"featured_media":0,"parent":0,"menu_order":0,"comment_status":"closed","ping_status":"closed","template":"100-width.php","meta":{"footnotes":""},"class_list":["post-324","page","type-page","status-publish","hentry"],"yoast_head":"<!-- This site is optimized with the Yoast SEO plugin v25.6 - https:\/\/yoast.com\/wordpress\/plugins\/seo\/ -->\n<title>OTOK \u2013 igra bijega u tvojoj sobi - Online Enigmarium<\/title>\n<meta name=\"robots\" content=\"index, follow, max-snippet:-1, max-image-preview:large, max-video-preview:-1\" \/>\n<link rel=\"canonical\" href=\"https:\/\/online.enigmarium.si\/hr\/otok-igra-bijega-u-tvojoj-sobi\/\" \/>\n<meta property=\"og:locale\" content=\"hr_HR\" \/>\n<meta property=\"og:type\" content=\"article\" \/>\n<meta property=\"og:title\" content=\"OTOK \u2013 igra bijega u tvojoj sobi - Online Enigmarium\" \/>\n<meta property=\"og:url\" content=\"https:\/\/online.enigmarium.si\/hr\/otok-igra-bijega-u-tvojoj-sobi\/\" \/>\n<meta property=\"og:site_name\" content=\"Online Enigmarium\" \/>\n<meta property=\"article:modified_time\" content=\"2020-12-15T19:14:04+00:00\" \/>\n<meta name=\"twitter:card\" content=\"summary_large_image\" \/>\n<meta name=\"twitter:label1\" content=\"Procijenjeno vrijeme \u010ditanja\" \/>\n\t<meta name=\"twitter:data1\" content=\"7 minuta\" \/>\n<script type=\"application\/ld+json\" class=\"yoast-schema-graph\">{\"@context\":\"https:\/\/schema.org\",\"@graph\":[{\"@type\":\"WebPage\",\"@id\":\"https:\/\/online.enigmarium.si\/hr\/otok-igra-bijega-u-tvojoj-sobi\/\",\"url\":\"https:\/\/online.enigmarium.si\/hr\/otok-igra-bijega-u-tvojoj-sobi\/\",\"name\":\"OTOK \u2013 igra bijega u tvojoj sobi - Online Enigmarium\",\"isPartOf\":{\"@id\":\"https:\/\/online.enigmarium.si\/#website\"},\"datePublished\":\"2020-12-11T10:00:26+00:00\",\"dateModified\":\"2020-12-15T19:14:04+00:00\",\"breadcrumb\":{\"@id\":\"https:\/\/online.enigmarium.si\/hr\/otok-igra-bijega-u-tvojoj-sobi\/#breadcrumb\"},\"inLanguage\":\"hr\",\"potentialAction\":[{\"@type\":\"ReadAction\",\"target\":[\"https:\/\/online.enigmarium.si\/hr\/otok-igra-bijega-u-tvojoj-sobi\/\"]}]},{\"@type\":\"BreadcrumbList\",\"@id\":\"https:\/\/online.enigmarium.si\/hr\/otok-igra-bijega-u-tvojoj-sobi\/#breadcrumb\",\"itemListElement\":[{\"@type\":\"ListItem\",\"position\":1,\"name\":\"Home\",\"item\":\"https:\/\/online.enigmarium.si\/hr\/teambuilding\/\"},{\"@type\":\"ListItem\",\"position\":2,\"name\":\"OTOK \u2013 igra bijega u tvojoj sobi\"}]},{\"@type\":\"WebSite\",\"@id\":\"https:\/\/online.enigmarium.si\/#website\",\"url\":\"https:\/\/online.enigmarium.si\/\",\"name\":\"Online Enigmarium\",\"description\":\"Online teambuildingi in zabavna dru\u017eenja\",\"publisher\":{\"@id\":\"https:\/\/online.enigmarium.si\/#organization\"},\"potentialAction\":[{\"@type\":\"SearchAction\",\"target\":{\"@type\":\"EntryPoint\",\"urlTemplate\":\"https:\/\/online.enigmarium.si\/?s={search_term_string}\"},\"query-input\":{\"@type\":\"PropertyValueSpecification\",\"valueRequired\":true,\"valueName\":\"search_term_string\"}}],\"inLanguage\":\"hr\"},{\"@type\":\"Organization\",\"@id\":\"https:\/\/online.enigmarium.si\/#organization\",\"name\":\"Online Enigmarium\",\"url\":\"https:\/\/online.enigmarium.si\/\",\"logo\":{\"@type\":\"ImageObject\",\"inLanguage\":\"hr\",\"@id\":\"https:\/\/online.enigmarium.si\/#\/schema\/logo\/image\/\",\"url\":\"https:\/\/online.enigmarium.si\/wp-content\/uploads\/2020\/11\/enigmarium-escape-expreiences.png\",\"contentUrl\":\"https:\/\/online.enigmarium.si\/wp-content\/uploads\/2020\/11\/enigmarium-escape-expreiences.png\",\"width\":674,\"height\":88,\"caption\":\"Online Enigmarium\"},\"image\":{\"@id\":\"https:\/\/online.enigmarium.si\/#\/schema\/logo\/image\/\"}}]}<\/script>\n<!-- \/ Yoast SEO plugin. -->","yoast_head_json":{"title":"OTOK \u2013 igra bijega u tvojoj sobi - Online Enigmarium","robots":{"index":"index","follow":"follow","max-snippet":"max-snippet:-1","max-image-preview":"max-image-preview:large","max-video-preview":"max-video-preview:-1"},"canonical":"https:\/\/online.enigmarium.si\/hr\/otok-igra-bijega-u-tvojoj-sobi\/","og_locale":"hr_HR","og_type":"article","og_title":"OTOK \u2013 igra bijega u tvojoj sobi - Online Enigmarium","og_url":"https:\/\/online.enigmarium.si\/hr\/otok-igra-bijega-u-tvojoj-sobi\/","og_site_name":"Online Enigmarium","article_modified_time":"2020-12-15T19:14:04+00:00","twitter_card":"summary_large_image","twitter_misc":{"Procijenjeno vrijeme \u010ditanja":"7 minuta"},"schema":{"@context":"https:\/\/schema.org","@graph":[{"@type":"WebPage","@id":"https:\/\/online.enigmarium.si\/hr\/otok-igra-bijega-u-tvojoj-sobi\/","url":"https:\/\/online.enigmarium.si\/hr\/otok-igra-bijega-u-tvojoj-sobi\/","name":"OTOK \u2013 igra bijega u tvojoj sobi - Online Enigmarium","isPartOf":{"@id":"https:\/\/online.enigmarium.si\/#website"},"datePublished":"2020-12-11T10:00:26+00:00","dateModified":"2020-12-15T19:14:04+00:00","breadcrumb":{"@id":"https:\/\/online.enigmarium.si\/hr\/otok-igra-bijega-u-tvojoj-sobi\/#breadcrumb"},"inLanguage":"hr","potentialAction":[{"@type":"ReadAction","target":["https:\/\/online.enigmarium.si\/hr\/otok-igra-bijega-u-tvojoj-sobi\/"]}]},{"@type":"BreadcrumbList","@id":"https:\/\/online.enigmarium.si\/hr\/otok-igra-bijega-u-tvojoj-sobi\/#breadcrumb","itemListElement":[{"@type":"ListItem","position":1,"name":"Home","item":"https:\/\/online.enigmarium.si\/hr\/teambuilding\/"},{"@type":"ListItem","position":2,"name":"OTOK \u2013 igra bijega u tvojoj sobi"}]},{"@type":"WebSite","@id":"https:\/\/online.enigmarium.si\/#website","url":"https:\/\/online.enigmarium.si\/","name":"Online Enigmarium","description":"Online teambuildingi in zabavna dru\u017eenja","publisher":{"@id":"https:\/\/online.enigmarium.si\/#organization"},"potentialAction":[{"@type":"SearchAction","target":{"@type":"EntryPoint","urlTemplate":"https:\/\/online.enigmarium.si\/?s={search_term_string}"},"query-input":{"@type":"PropertyValueSpecification","valueRequired":true,"valueName":"search_term_string"}}],"inLanguage":"hr"},{"@type":"Organization","@id":"https:\/\/online.enigmarium.si\/#organization","name":"Online Enigmarium","url":"https:\/\/online.enigmarium.si\/","logo":{"@type":"ImageObject","inLanguage":"hr","@id":"https:\/\/online.enigmarium.si\/#\/schema\/logo\/image\/","url":"https:\/\/online.enigmarium.si\/wp-content\/uploads\/2020\/11\/enigmarium-escape-expreiences.png","contentUrl":"https:\/\/online.enigmarium.si\/wp-content\/uploads\/2020\/11\/enigmarium-escape-expreiences.png","width":674,"height":88,"caption":"Online Enigmarium"},"image":{"@id":"https:\/\/online.enigmarium.si\/#\/schema\/logo\/image\/"}}]}},"_links":{"self":[{"href":"https:\/\/online.enigmarium.si\/hr\/wp-json\/wp\/v2\/pages\/324","targetHints":{"allow":["GET"]}}],"collection":[{"href":"https:\/\/online.enigmarium.si\/hr\/wp-json\/wp\/v2\/pages"}],"about":[{"href":"https:\/\/online.enigmarium.si\/hr\/wp-json\/wp\/v2\/types\/page"}],"author":[{"embeddable":true,"href":"https:\/\/online.enigmarium.si\/hr\/wp-json\/wp\/v2\/users\/1"}],"replies":[{"embeddable":true,"href":"https:\/\/online.enigmarium.si\/hr\/wp-json\/wp\/v2\/comments?post=324"}],"version-history":[{"count":8,"href":"https:\/\/online.enigmarium.si\/hr\/wp-json\/wp\/v2\/pages\/324\/revisions"}],"predecessor-version":[{"id":342,"href":"https:\/\/online.enigmarium.si\/hr\/wp-json\/wp\/v2\/pages\/324\/revisions\/342"}],"wp:attachment":[{"href":"https:\/\/online.enigmarium.si\/hr\/wp-json\/wp\/v2\/media?parent=324"}],"curies":[{"name":"wp","href":"https:\/\/api.w.org\/{rel}","templated":true}]}}